{"id":21,"date":"2019-05-26T00:03:42","date_gmt":"2019-05-25T22:03:42","guid":{"rendered":"http:\/\/lupsidedown.fr\/?page_id=21"},"modified":"2019-08-07T14:25:48","modified_gmt":"2019-08-07T12:25:48","slug":"references","status":"publish","type":"page","link":"https:\/\/lupsidedown.fr\/index.php\/references\/","title":{"rendered":"R\u00e9f\u00e9rences"},"content":{"rendered":"\n<div class=\"wp-block-media-text alignwide\" style=\"grid-template-columns:41% auto\"><figure class=\"wp-block-media-text__media\"><img src=\"http:\/\/lupsidedown.fr\/wp-content\/uploads\/2019\/05\/Femmes-qui-courent.jpg\" alt=\"\" class=\"wp-image-39\"\/><\/figure><div class=\"wp-block-media-text__content\">\n<p><a href=\"http:\/\/lupsidedown.fr\/index.php\/2019\/05\/06\/billet-doux-de-la-semaine\/#comment-3\">\ufeff  Chaque femme porte en elle une force naturelle, instinctive, riche de   dons cr\u00e9ateurs et d&#8217;un savoir imm\u00e9morial. Mais la soci\u00e9t\u00e9 et la culture   ont trop souvent musel\u00e9 cette &#8221; Femme sauvage&#8221; afin de la faire entrer   dans le moule r\u00e9ducteur des r\u00f4les assign\u00e9s. Clarissa Pinkola Est\u00e9s nous propose de retrouver cette part   enfouie, pleine de vitalit\u00e9 et de g\u00e9n\u00e9rosit\u00e9, vibrante, donneuse de  vie. <\/a><br><\/p>\n<\/div><\/div>\n\n\n\n<p><\/p>\n\n\n\n<p><\/p>\n\n\n\n<p><a href=\"http:\/\/lupsidedown.fr\/index.php\/2019\/05\/19\/un-gout-de-rien\/(ouvre un nouvel onglet)\">Catalyseur &#8211;<\/a> <br><em>nom masculin &#8211; de &#8220;catalyser&#8221;  <\/em><\/p>\n\n\n\n<blockquote class=\"wp-block-quote\"><p>Substance qui augmente la vitesse d&#8217;une r\u00e9action chimique sans para\u00eetre participer \u00e0 cette r\u00e9action.<br> \u00c9l\u00e9ment qui provoque une r\u00e9action par sa seule pr\u00e9sence ou par son intervention. <\/p><cite>Larousse<\/cite><\/blockquote>\n\n\n\n<p class=\"has-drop-cap\"><\/p>\n\n\n\n<p> <strong>La L\u00e9gion d&#8217;honneur<\/strong> est la plus haute distinction fran\u00e7aise. Elle r\u00e9compense les m\u00e9rites \u00e9minents rendus \u00e0 la Nation. Nul ne peut demander pour soi-m\u00eame un grade dans la L\u00e9gion d&#8217;honneur : il faut \u00eatre propos\u00e9 par quelqu&#8217;un d&#8217;autre.  Les conditions suivantes doivent \u00eatre remplies\u00a0: la  personne concern\u00e9e doit avoir des m\u00e9rites \u00e9minents dans l&#8217;exercice,  pendant au moins 20 ans, d&#8217;activit\u00e9s au b\u00e9n\u00e9fice de l&#8217;int\u00e9r\u00eat g\u00e9n\u00e9ral et  de la Nation. Elle doit  \u00eatre propos\u00e9e par un ministre, apr\u00e8s  \u00e9tude d&#8217;un dossier constitu\u00e9 \u00e0 la demande d&#8217;une administration centrale,  d&#8217;un pr\u00e9fet, d&#8217;une association, d&#8217;une personnalit\u00e9 politique (maire,  d\u00e9put\u00e9, etc.) ou d&#8217;un groupe d&#8217;au moins 50 personnes (au titre de <a href=\"https:\/\/www.service-public.fr\/particuliers\/vosdroits\/R2319\">l&#8217;initiative citoyenne<\/a>). La  proposition doit \u00eatre  valid\u00e9e  par le conseil de l&#8217;ordre de la L\u00e9gion d&#8217;honneur, pr\u00e9sid\u00e9 par le grand chancelier.<\/p>\n\n\n\n<p><\/p>\n\n\n\n<p><strong>La Poudre<\/strong><\/p>\n\n\n\n<p><a href=\"https:\/\/www.instagram.com\/laurenbastide\/\"><strong>Lauren Bastide<\/strong><\/a> re\u00e7oit dans une chambre d\u2019h\u00f4tel une femme inspirante, artiste, activiste, politique pour une conversation intime et profonde.  <\/p>\n\n\n\n<p><a href=\"https:\/\/podtail.com\/podcast\/la-poudre\/episode-49-deborah-lukumuena\/\">https:\/\/podtail.com\/podcast\/la-poudre\/episode-49-deborah-lukumuena\/<\/a><\/p>\n\n\n\n<div class=\"wp-block-media-text alignwide has-media-on-the-right\" style=\"grid-template-columns:auto 43%\"><figure class=\"wp-block-media-text__media\"><img src=\"https:\/\/s1.qwant.com\/thumbr\/0x380\/9\/9\/029dcec09d9935b6b979f7f02ef9bf4e62abfe73cd3e66f3abcb300a39dcac\/le-conflit-la-femme-et-la-mere-de-elisabeth-badinter-livre-896917797_L.jpg?u=https%3A%2F%2Fpmcdn.priceminister.com%2Fphoto%2Fle-conflit-la-femme-et-la-mere-de-elisabeth-badinter-livre-896917797_L.jpg&amp;q=0&amp;b=1&amp;p=0&amp;a=1\" alt=\"Le Conflit - La Femme Et La M\u00e8re de Elisabeth Badinter ...\"\/><\/figure><div class=\"wp-block-media-text__content\">\n<p><\/p>\n\n\n\n<p> Trente ans apr\u00e8s L&#8217;Amour en plus, le naturalisme \u2013 qui remet \u00e0 l&#8217;honneur  le concept bien us\u00e9 d&#8217;instinct maternel \u2013 revient en force. \u00c0 force  d&#8217;entendre r\u00e9p\u00e9ter qu&#8217;une m\u00e8re doit tout \u00e0 son enfant, son lait, son  temps et son \u00e9nergie, il est in\u00e9vitable que de plus en plus de femmes  reculent devant l&#8217;obstacle. Jusqu&#8217;\u00e0 quand sauront-elles imposer leurs d\u00e9sirs et leur  volont\u00e9 contre le discours rampant de la culpabilit\u00e9 ? <\/p>\n<\/div><\/div>\n\n\n\n<p><a href=\"https:\/\/www.instagram.com\/laurenbastide\/\"><strong><br><\/strong><\/a><\/p>\n\n\n\n<h1>L\u2019entreprise du XXIe si\u00e8cle sera politique ou ne sera plus<\/h1>\n\n\n\n<p> \u00ab\u202fCe livre n\u2019a qu\u2019une seule ambition. Celle d\u2019inviter le  lecteur \u00e0 se projeter dans un monde aux antipodes du n\u00f4tre et qui,  pourtant, est d\u00e9j\u00e0 en train d\u2019\u00e9clore. Un monde auquel les entreprises,  assumant leur responsabilit\u00e9 politique, contribueraient positivement,  au-del\u00e0 de leur seul apport \u00e9conomique. Ce n\u2019est pas un monde id\u00e9alis\u00e9,  une utopie inaccessible. Je\u00a0le sais, car j\u2019ai la chance de diriger une  entreprise qui en fait partie. D\u2019ailleurs, ni ma nature ni mes fonctions  ne me portent \u00e0 la r\u00eaverie ou \u00e0 l\u2019id\u00e9ologie. Mais mon souhait est de  t\u00e9moigner, et plus encore de convaincre. T\u00e9moigner, car je mesure  combien une entreprise peut servir le bien commun et combien cette  contribution peut nourrir sa propre performance. Convaincre, car si ce  qui est bon pour l\u2019entreprise est bon pour le monde, alors il y a  urgence \u00e0 g\u00e9n\u00e9raliser ce mod\u00e8le.\u202f\u00bb Pascal\u00a0Demurger <\/p>\n\n\n\n<figure class=\"wp-block-image\"><img src=\"http:\/\/lupsidedown.fr\/wp-content\/uploads\/2019\/08\/image-548x1024.png\" alt=\"\" class=\"wp-image-208\"\/><\/figure>\n","protected":false},"excerpt":{"rendered":"<p>\ufeff Chaque femme porte en elle une force naturelle, instinctive, riche de dons cr\u00e9ateurs et d&#8217;un savoir imm\u00e9morial. Mais la soci\u00e9t\u00e9 et la culture ont trop souvent musel\u00e9 cette &#8221; Femme sauvage&#8221; afin de la faire entrer dans le moule r\u00e9ducteur des r\u00f4les assign\u00e9s. Clarissa Pinkola Est\u00e9s nous propose de retrouver cette part enfouie, pleine &hellip; <a href=\"https:\/\/lupsidedown.fr\/index.php\/references\/\" class=\"more-link\">Continue reading <span class=\"screen-reader-text\">R\u00e9f\u00e9rences<\/span><\/a><\/p>\n","protected":false},"author":1,"featured_media":0,"parent":0,"menu_order":0,"comment_status":"closed","ping_status":"closed","template":"","meta":[],"_links":{"self":[{"href":"https:\/\/lupsidedown.fr\/index.php\/wp-json\/wp\/v2\/pages\/21"}],"collection":[{"href":"https:\/\/lupsidedown.fr\/index.php\/wp-json\/wp\/v2\/pages"}],"about":[{"href":"https:\/\/lupsidedown.fr\/index.php\/wp-json\/wp\/v2\/types\/page"}],"author":[{"embeddable":true,"href":"https:\/\/lupsidedown.fr\/index.php\/wp-json\/wp\/v2\/users\/1"}],"replies":[{"embeddable":true,"href":"https:\/\/lupsidedown.fr\/index.php\/wp-json\/wp\/v2\/comments?post=21"}],"version-history":[{"count":18,"href":"https:\/\/lupsidedown.fr\/index.php\/wp-json\/wp\/v2\/pages\/21\/revisions"}],"predecessor-version":[{"id":210,"href":"https:\/\/lupsidedown.fr\/index.php\/wp-json\/wp\/v2\/pages\/21\/revisions\/210"}],"wp:attachment":[{"href":"https:\/\/lupsidedown.fr\/index.php\/wp-json\/wp\/v2\/media?parent=21"}],"curies":[{"name":"wp","href":"https:\/\/api.w.org\/{rel}","templated":true}]}}