{"id":20,"date":"2019-05-26T00:03:41","date_gmt":"2019-05-25T22:03:41","guid":{"rendered":"http:\/\/lupsidedown.fr\/?page_id=20"},"modified":"2019-08-11T15:49:46","modified_gmt":"2019-08-11T13:49:46","slug":"a-propos-de","status":"publish","type":"page","link":"https:\/\/lupsidedown.fr\/index.php\/a-propos-de\/","title":{"rendered":"A propos"},"content":{"rendered":"\n<div class=\"wp-block-image\"><figure class=\"aligncenter is-resized\"><img loading=\"lazy\" src=\"http:\/\/lupsidedown.fr\/wp-content\/uploads\/2019\/05\/photo-de-deux-meilleure-amie-montagne-copines.jpg\" alt=\"\" class=\"wp-image-70\" width=\"525\" height=\"610\" srcset=\"https:\/\/lupsidedown.fr\/wp-content\/uploads\/2019\/05\/photo-de-deux-meilleure-amie-montagne-copines.jpg 700w, https:\/\/lupsidedown.fr\/wp-content\/uploads\/2019\/05\/photo-de-deux-meilleure-amie-montagne-copines-258x300.jpg 258w\" sizes=\"(max-width: 525px) 100vw, 525px\" \/><figcaption>Tout a commenc\u00e9 dans la Baie de Somme, en juillet 2013. Une premi\u00e8re rencontre o\u00f9 d\u00e9j\u00e0 se nichaient les pr\u00e9mices d&#8217;une belle amiti\u00e9. Puis il y a eu les heures c\u00f4te \u00e0 c\u00f4te dans un bureau, les allers-retours \u00e0 Bruxelles, les coups de mains pendant les moments de rush. La grosse gal\u00e8re \u00e0 Berlin. F\/ est partie pour d&#8217;autres aventures, V\/ a choisi de quitter Paris.<br><br>Ont alors commenc\u00e9 les messages vocaux WhatsApp. Beaucoup de messages. Tous les jours, parfois plusieurs fois par jour. Pour parler de tout, du boulot, de nos vies, de nos relations, de nos envies, de nos r\u00eaves, mais aussi de ce qui nous retenait dans la r\u00e9alit\u00e9, avec laquelle il fallait parfois composer, et c&#8217;\u00e9tait loin d&#8217;\u00eatre facile tous les jours.<br><br>Ces messages sont devenus un soutien, un lieu d&#8217;\u00e9change et d&#8217;expression, de r\u00e9flexion, de partages profonds et intimes, une bulle d&#8217;oxyg\u00e8ne, un lieu pour d\u00e9poser des choses en sachant que quelqu&#8217;un \u00e9coutera, avec bienveillance, sans interrompre, et r\u00e9pondra si elle sent que c&#8217;est juste. Puis est venue la question : que faire de toute cette mati\u00e8re? Si elle nous sert autant \u00e0 nous, alors pourquoi ne pas la partager avec d&#8217;autres? <br><br>Ce blog est n\u00e9 pour \u00e7a : sur le principe du yin et du yang, du recto verso ou du ping-pong (un post, une r\u00e9ponse), partager avec d&#8217;autres, vous, ce qui nous aide au quotidien. Offrir ces &#8220;bonbons&#8221; pour donner un nouvel angle de vue sur certaines choses de la vie, ou tout simplement aller chercher au fond de soi tout ce qui nous relie et nous rend profond\u00e9ment humains. Et puis aussi parce que les bonbons, c&#8217;est dr\u00f4lement bon.<br><br>Bonne lecture !<\/figcaption><\/figure><\/div>\n","protected":false},"excerpt":{"rendered":"","protected":false},"author":1,"featured_media":0,"parent":0,"menu_order":0,"comment_status":"closed","ping_status":"closed","template":"","meta":[],"_links":{"self":[{"href":"https:\/\/lupsidedown.fr\/index.php\/wp-json\/wp\/v2\/pages\/20"}],"collection":[{"href":"https:\/\/lupsidedown.fr\/index.php\/wp-json\/wp\/v2\/pages"}],"about":[{"href":"https:\/\/lupsidedown.fr\/index.php\/wp-json\/wp\/v2\/types\/page"}],"author":[{"embeddable":true,"href":"https:\/\/lupsidedown.fr\/index.php\/wp-json\/wp\/v2\/users\/1"}],"replies":[{"embeddable":true,"href":"https:\/\/lupsidedown.fr\/index.php\/wp-json\/wp\/v2\/comments?post=20"}],"version-history":[{"count":12,"href":"https:\/\/lupsidedown.fr\/index.php\/wp-json\/wp\/v2\/pages\/20\/revisions"}],"predecessor-version":[{"id":221,"href":"https:\/\/lupsidedown.fr\/index.php\/wp-json\/wp\/v2\/pages\/20\/revisions\/221"}],"wp:attachment":[{"href":"https:\/\/lupsidedown.fr\/index.php\/wp-json\/wp\/v2\/media?parent=20"}],"curies":[{"name":"wp","href":"https:\/\/api.w.org\/{rel}","templated":true}]}}